{"id":3,"date":"2026-01-09T22:27:09","date_gmt":"2026-01-09T22:27:09","guid":{"rendered":"https:\/\/schnappschuss-taro.de\/?page_id=3"},"modified":"2026-02-16T01:51:38","modified_gmt":"2026-02-16T00:51:38","slug":"privacy-policy","status":"publish","type":"page","link":"https:\/\/schnappschuss-taro.de\/?page_id=3","title":{"rendered":"Impressum"},"content":{"rendered":"\n<h2 class=\"wp-block-heading\"><\/h2>\n\n\n\n<p><strong>Sch\u00fclerzeitungname:<\/strong><br>Schnappschuss<\/p>\n\n\n\n<p><strong>Herausgeber:<\/strong><br>Sch\u00fclerzeitung \u201eSchnappschuss\u201c<br>Gerda-Taro-Schule Leipzig (Gymnasium)<br>Telemannstra\u00dfe 9<br>04107 Leipzig<\/p>\n\n\n\n<hr class=\"wp-block-separator has-alpha-channel-opacity\"\/>\n\n\n\n<p><strong>Verantwortlich f\u00fcr den Inhalt gem\u00e4\u00df \u00a7 18 Abs. 2 MStV<\/strong><\/p>\n\n\n\n<p>Jasper Jona Jaroslawski<br>Chefredakteur<br>Gerda-Taro-Schule Leipzig<br>Telemannstra\u00dfe 9<br>04107 Leipzig<\/p>\n\n\n\n<hr class=\"wp-block-separator has-alpha-channel-opacity\"\/>\n\n\n\n<p><strong>Redaktion<\/strong><\/p>\n\n\n\n<p>Redaktion der Sch\u00fclerzeitung \u201eSchnappschuss\u201c<\/p>\n\n\n\n<hr class=\"wp-block-separator has-alpha-channel-opacity\"\/>\n\n\n\n<p><strong>Kontakt<\/strong><\/p>\n\n\n\n<p>E-Mail: <a href=\"mailto:schnappschuss.taro@gmail.com\">schnappschuss.taro@gmail.com<\/a><\/p>\n\n\n\n<p>Tel.: 0341 \/ 1490980-0<\/p>\n\n\n\n<p>(Telefonnummer des Sekretariats \u2013 Anrufe werden entsprechend weitergeleitet)<br>Webseite: <a href=\"https:\/\/www.schnappschuss-taro.de\">https:\/\/www.schnappschuss-taro.de<\/a><\/p>\n\n\n\n<hr class=\"wp-block-separator has-alpha-channel-opacity\"\/>\n\n\n\n<p><strong>Erscheinungsform<\/strong><\/p>\n\n\n\n<p>Online-Blog<\/p>\n\n\n\n<hr class=\"wp-block-separator has-alpha-channel-opacity\"\/>\n\n\n\n<p><strong>Haftungsausschluss f\u00fcr Kommentare<\/strong><\/p>\n\n\n\n<p>F\u00fcr Inhalte von Kommentaren, die von Nutzerinnen und Nutzern ver\u00f6ffentlicht werden, \u00fcbernimmt die Redaktion keine Verantwortung. Die Verantwortung f\u00fcr den jeweiligen Kommentar liegt ausschlie\u00dflich bei der verfassenden Person. Rechtswidrige Inhalte werden nach Kenntnisnahme unverz\u00fcglich entfernt.<\/p>\n\n\n\n<hr class=\"wp-block-separator has-alpha-channel-opacity\"\/>\n\n\n\n<p><strong>Datenschutzerkl\u00e4rung folgt<\/strong><\/p>\n\n\n\n<p><\/p>\n","protected":false},"excerpt":{"rendered":"Sch\u00fclerzeitungname:Schnappschuss Herausgeber:Sch\u00fclerzeitung \u201eSchnappschuss\u201cGerda-Taro-Schule Leipzig (Gymnasium)Telemannstra\u00dfe 904107 Leipzig Verantwortlich f\u00fcr den Inhalt gem\u00e4\u00df \u00a7 18 Abs. 2 MStV Jasper&hellip;","protected":false},"author":1,"featured_media":0,"parent":0,"menu_order":0,"comment_status":"closed","ping_status":"open","template":"","meta":{"csco_display_header_overlay":false,"csco_singular_sidebar":"","csco_page_header_type":"","csco_page_load_nextpost":"","csco_page_reading_time":"","csco_page_toc_navigation":"","csco_post_video_location":[],"csco_post_video_location_hash":"","csco_post_video_url":"","csco_post_video_bg_start_time":0,"csco_post_video_bg_end_time":0,"csco_post_video_bg_volume":false,"footnotes":""},"class_list":{"0":"post-3","1":"page","2":"type-page","3":"status-publish","5":"cs-entry","6":"cs-video-wrap"},"_links":{"self":[{"href":"https:\/\/schnappschuss-taro.de\/index.php?rest_route=\/wp\/v2\/pages\/3","targetHints":{"allow":["GET"]}}],"collection":[{"href":"https:\/\/schnappschuss-taro.de\/index.php?rest_route=\/wp\/v2\/pages"}],"about":[{"href":"https:\/\/schnappschuss-taro.de\/index.php?rest_route=\/wp\/v2\/types\/page"}],"author":[{"embeddable":true,"href":"https:\/\/schnappschuss-taro.de\/index.php?rest_route=\/wp\/v2\/users\/1"}],"replies":[{"embeddable":true,"href":"https:\/\/schnappschuss-taro.de\/index.php?rest_route=%2Fwp%2Fv2%2Fcomments&post=3"}],"version-history":[{"count":6,"href":"https:\/\/schnappschuss-taro.de\/index.php?rest_route=\/wp\/v2\/pages\/3\/revisions"}],"predecessor-version":[{"id":651,"href":"https:\/\/schnappschuss-taro.de\/index.php?rest_route=\/wp\/v2\/pages\/3\/revisions\/651"}],"wp:attachment":[{"href":"https:\/\/schnappschuss-taro.de\/index.php?rest_route=%2Fwp%2Fv2%2Fmedia&parent=3"}],"curies":[{"name":"wp","href":"https:\/\/api.w.org\/{rel}","templated":true}]}}